{"id":12400,"date":"2020-11-30T18:22:15","date_gmt":"2020-11-30T16:22:15","guid":{"rendered":"https:\/\/www.autotours.eu\/?page_id=12400"},"modified":"2021-04-06T10:52:39","modified_gmt":"2021-04-06T08:52:39","slug":"allgemeine-mietbedingungen","status":"publish","type":"page","link":"https:\/\/www.autotours.eu\/de\/allgemeine-mietbedingungen\/","title":{"rendered":"Allgemeine Mietbedingungen"},"content":{"rendered":"<div class=\"fusion-fullwidth fullwidth-box fusion-builder-row-1 nonhundred-percent-fullwidth non-hundred-percent-height-scrolling\" style=\"--awb-border-radius-top-left:0px;--awb-border-radius-top-right:0px;--awb-border-radius-bottom-right:0px;--awb-border-radius-bottom-left:0px;--awb-flex-wrap:wrap;\" ><div class=\"fusion-builder-row fusion-row\"><div class=\"fusion-layout-column fusion_builder_column fusion-builder-column-0 fusion_builder_column_1_1 1_1 fusion-one-full fusion-column-first fusion-column-last\" style=\"--awb-bg-size:cover;\"><div class=\"fusion-column-wrapper fusion-column-has-shadow fusion-flex-column-wrapper-legacy\"><div class=\"fusion-text fusion-text-1\"><p>Alle Mietvertr\u00e4ge beinhalten ein Versicherungspaket. Der Mieter tr\u00e4gt keine Verantwortung f\u00fcr Sch\u00e4den am Auto, solange es die Mietbedingungen erf\u00fcllt. Wenn Sie ein Auto bei AutoTours mieten, sind folgende Mietbedingungen und Versicherungen zu beachten:<br \/>\n\u25cf Kollisionsschadensentlastung (CDW):<\/p>\n<p>Der Mieter ist bei Besch\u00e4digungen (z.B. Kratzer, St\u00f6\u00dfe) an der Karosserie des Mietfahrzeugs, an den T\u00fcren, an der Motorhaube, an den Seiten und an den Spiegelgeh\u00e4usen, an den Fenstern versichert. Inklusive ohne Befreiung. Die CDW gilt nicht, wenn der Mieter gegen die Bedingungen des Mietvertrages verst\u00f6\u00dft.<\/p>\n<p>\u25cf Versicherung bei Sch\u00e4den an Dritten (\u03a4\u03a1\u0399):<\/p>\n<p>Diese Police gilt f\u00fcr den Mieterfahrer im Falle eines Unfalls auf alleiniges Verschulden des Fahrers. Sie deckt Sachsch\u00e4den an Dritten bis 1.000.000\u20ac und Personensch\u00e4den an Dritten bis zu 1.000.000\u20ac ab, wie sie in der Versicherungspolice der Gesellschaft vorgesehen und nach griechischem Recht definiert sind.<\/p>\n<p>\u25cf Diebstahlschutz (TS):<\/p>\n<p>Der Mieter wird nicht belastet, wenn das Mietfahrzeug gestohlen wird. Pers\u00f6nliche Gegenst\u00e4nde, die sich im Auto befinden, sind nicht versichert und werden nicht erstattet.<\/p>\n<p>\u25cf Brandschutz (FP):<\/p>\n<p>Der Mieter wird im Falle von Sch\u00e4den, die durch einen Brand verursacht werden, nicht belastet. FP gilt nicht, wenn der Mieter gegen die Bedingungen des Mietvertrages verst\u00f6\u00dft.<\/p>\n<p>\u25cf AUSNAHMEN:<\/p>\n<p>Es gilt keinen Versicherungsschutz f\u00fcr:<br \/>\n\u27a2 Beim Transport des Fahrzeugs per Schiff<br \/>\n\u27a2 Wenn festgestellt wird, dass der Fahrer unter Alkohol- oder Drogeneinfluss steht<br \/>\n\u27a2 F\u00fcr Sch\u00e4den durch das Fahren auf unbefestigten Stra\u00dfen ( Preweli, Balos\u2026)<br \/>\n\u27a2 Beim Versto\u00df gegen Stra\u00dfenverkehrsordnung (illegale Ampel\u00fcberquerung, Stopverletzung etc.)<br \/>\n\u27a2 F\u00fcr Sch\u00e4den am Fahrzeugboden<br \/>\n\u27a2 Bei der Bef\u00f6rderung von Personen oder anderen Gegenst\u00e4nden zur Miete<\/p>\n<p>\u27a2 Beim Abschleppen anderer Fahrzeuge oder Anh\u00e4nger<br \/>\n\u27a2 F\u00fcr den Verlust von pers\u00f6nlichen Gegenst\u00e4nden im Fahrzeug<br \/>\n\u27a2 Bei Unf\u00e4llen, die von einem Fahrer verursacht werden, der nicht im Mietvertrag eingetragen ist<br \/>\n\u27a2 F\u00fcr Verlust oder Zerst\u00f6rung eines Fahrzeugschl\u00fcssels<br \/>\n\u27a2 Bei der Teilnahme an Speed-Rennen<br \/>\n\u27a2 F\u00fcr Verlust oder Zerst\u00f6rung von GPS-Ger\u00e4ten, Kindersitzen<\/p>\n<p>\u25cf Nutzung des Autos<br \/>\nDer Mieter ist verpflichtet, die Bedingungen des Mietvertrages einzuhalten. Der Mieter muss das Auto sorgf\u00e4ltig \u00fcberpr\u00fcfen, auf mechanischen Zustand, \u00d6l, Wasser, Reifen. Falls sich Hinweise auf die Benutzung des Fahrzeugs auswirken, informieren Sie bitte umgehend unser B\u00fcro.<\/p>\n<p>\u25cf Mindestalter<\/p>\n<p>Das Alter des Mieters und Fahrers muss f\u00fcr die Economy-A-B Gruppe mindestens 21 Jahre und f\u00fcr alle anderen Gruppen 23 Jahre betragen. Die H\u00f6chstaltersgrenze betr\u00e4gt 75 Jahre.<\/p>\n<p>\u25cf F\u00fchrerschein<br \/>\nDer Mieter muss mindestens 12 Monate lang \u00fcber einen g\u00fcltigen F\u00fchrerschein verf\u00fcgen.<\/p>\n<p>\u25cf Zus\u00e4tzliche erforderliche Dokumente<br \/>\nF\u00fcr alle Mieter ist ein Personalausweis oder Reisepass erforderlich.<\/p>\n<p>\u25cf Benzinpolitik:<br \/>\nW\u00e4hlen Sie Self Service: Der Mieter muss das Fahrzeug mit der gleichen Menge an Benzin, das ihm geliefert wird, zur\u00fcckgeben. Fahrzeuge, die in der Nacht (23:00-08:00) au\u00dferhalb der \u00d6ffnungszeiten) geliefert werden, m\u00fcssen mindestens 1\/4 des<br \/>\nBenzintanks voll haben. Diese Menge reicht aus, um bis zur n\u00e4chsten Tankstelle zu fahren.<\/p>\n<p>\u25cf Zus\u00e4tzliche Geb\u00fchren:<br \/>\n\u27a2 F\u00fcr den Verlust des Schl\u00fcssels oder der Fernbedienung des Autoschl\u00fcssels muss der<br \/>\nMieter f\u00fcr den Ersatz bezahlen. Der Preis h\u00e4ngt von dem Vertreter des Unternehmens und dem Modell des Autos ab.<br \/>\n\u27a2 Zweiter Fahrer: Sie m\u00fcssen unserem Vertreter den Namen des zweiten Fahrers<br \/>\nmitteilen, um in den Mietwagenvertrag aufgenommen zu werden. Die Geb\u00fchr betr\u00e4gt 2\u20ac pro Tag.<br \/>\n\u27a2 Kindersitze: Falls Sie m\u00f6chten, kann unser Unternehmen Ihnen je nach Gewicht<br \/>\neinen f\u00fcr jedes Kind geeigneten Kindersitz zur Verf\u00fcgung stellen. Der Preis betr\u00e4gt 1\u20ac pro Tag.<br \/>\n\u27a2 Mietdauer: Die Mindestmietdauer betr\u00e4gt 1 Tage (24 stunden).<\/p>\n<p>\u27a2 Zahlungsoptionen: F\u00fcr eine Buchung ist keine Kreditkarte erforderlich. Wir akzeptieren alle g\u00e4ngigen Kreditkarten, ausgenommen: AMERICAN EXPRESS. Debetkarten werden nicht akzeptiert.<br \/>\n\u27a2 Fahrzeugverteilung: Die Fahrzeuge werden nach der Fahrzeugkategorie und nicht nach dem Modell verteilt. Wenn das von Ihnen gew\u00e4hlte Modell nicht verf\u00fcgbar ist, verpflichten wir uns, ein alternatives Modell derselben Kategorie mit den gleichen Spezifikationen oder h\u00f6her kostenlos zu liefern.<br \/>\n\u27a2 Annahme\/ Lieferung: F\u00fcr jeden anderen Ort, der nicht als Option auf unserer Webseite enthalten ist, gibt es in der Regel eine zus\u00e4tzliche Geb\u00fchr. Bitte kontaktieren Sie uns f\u00fcr weitere Informationen.<br \/>\n\u27a2Verfahren f\u00fcr die Annahme und Lieferung des Fahrzeugs: Das Abholverfahren ist in der Best\u00e4tigungs-E-Mail enthalten, die Ihnen nach der Buchung des Fahrzeugs geschickt wird. Wenn Sie jedoch Fragen haben, kontaktieren Sie uns bitte unter: 0030-6976787451. In Bezug auf den R\u00fccksendevorgang werden alle Anweisungen an den Mieter bei Abholung des Fahrzeugs gegeben.<\/p>\n<p>\u27a2 F\u00fcr Lieferung au\u00dferhalb der \u00d6ffnungszeiten (23:00-08:00) wird es eine Geb\u00fchr von 20\u20ac erhoben.<\/p>\n<p>\u27a2 Versp\u00e4tete R\u00fcckgabe: Sie m\u00fcssen den Mietwagen an den angegebenen Ort und das im Mietvertrag angegebene Datum und die Uhrzeit zur\u00fcckgeben. Sollten Sie das Fahrzeug l\u00e4nger behalten wollen, muss unser Unternehmen mindestens 48 Stunden im Voraus informiert werden.<\/p>\n<p>\u27a2 Versto\u00df gegen Stra\u00dfenverkehrsordnung \/ Geldbu\u00dfe: Der Mieter tr\u00e4gt w\u00e4hrend der Autovermietung alle eventuell entstandenen Strafzettel bzw. Geldbu\u00dfen (Versto\u00df gegen Stra\u00dfenverkehrsordnung).<\/p>\n<p>\u27a2 Im Falle eines Unfalls: im Falle eines Unfalls m\u00fcssen die Beh\u00f6rden informiert und ein Polizeibericht vorgelegt<br \/>\nwerden. Der Vermieter muss ebenfalls unverz\u00fcglich benachrichtigt werden. Bitte beachten Sie, dass der Mieter bei fahrl\u00e4ssigem Fahren oder Fahren unter Alkoholeinfluss oder mit illegalen Substanzen, beim Fahren in sperrigen Bereichen (Off-Track-Stra\u00dfen und Nichtasphaltstra\u00dfen) oder bei offensichtlich fahrl\u00e4ssigen Handlungen gegen\u00fcber dem Auto in vollem Umfang zur Verantwortung gezogen wird.<\/p>\n<p>\u27a2 Es ist verboten au\u00dferhalb der griechischen Grenzen zu fahren. In allen F\u00e4llen ist der Mieter f\u00fcr alle Kosten und Sch\u00e4den verantwortlich.<\/p>\n<p>\u27a2 Stornierungen: Sie k\u00f6nnen bis zu 7 Tage vor dem Mietdatum die Buchung stornieren. Daf\u00fcr wird keine Stornogeb\u00fchr erhoben<\/p>\n<\/div><div class=\"fusion-clearfix\"><\/div><\/div><\/div><\/div><\/div>\n","protected":false},"excerpt":{"rendered":"","protected":false},"author":1,"featured_media":0,"parent":0,"menu_order":0,"comment_status":"closed","ping_status":"closed","template":"","meta":{"_monsterinsights_skip_tracking":false,"_monsterinsights_sitenote_active":false,"_monsterinsights_sitenote_note":"","_monsterinsights_sitenote_category":0,"footnotes":""},"class_list":["post-12400","page","type-page","status-publish","hentry"],"yoast_head":"<!-- This site is optimized with the Yoast SEO plugin v24.4 - https:\/\/yoast.com\/wordpress\/plugins\/seo\/ -->\n<title>Allgemeine Mietbedingungen - AutoTours Car Rental Crete<\/title>\n<meta name=\"robots\" content=\"index, follow, max-snippet:-1, max-image-preview:large, max-video-preview:-1\" \/>\n<link rel=\"canonical\" href=\"https:\/\/www.autotours.eu\/de\/allgemeine-mietbedingungen\/\" \/>\n<meta property=\"og:locale\" content=\"de_DE\" \/>\n<meta property=\"og:type\" content=\"article\" \/>\n<meta property=\"og:title\" content=\"Allgemeine Mietbedingungen - AutoTours Car Rental Crete\" \/>\n<meta property=\"og:url\" content=\"https:\/\/www.autotours.eu\/de\/allgemeine-mietbedingungen\/\" \/>\n<meta property=\"og:site_name\" content=\"AutoTours Car Rental Crete\" \/>\n<meta property=\"article:modified_time\" content=\"2021-04-06T08:52:39+00:00\" \/>\n<meta name=\"twitter:card\" content=\"summary_large_image\" \/>\n<meta name=\"twitter:label1\" content=\"Gesch\u00e4tzte Lesezeit\" \/>\n\t<meta name=\"twitter:data1\" content=\"7\u00a0Minuten\" \/>\n<script type=\"application\/ld+json\" class=\"yoast-schema-graph\">{\"@context\":\"https:\/\/schema.org\",\"@graph\":[{\"@type\":\"WebPage\",\"@id\":\"https:\/\/www.autotours.eu\/de\/allgemeine-mietbedingungen\/\",\"url\":\"https:\/\/www.autotours.eu\/de\/allgemeine-mietbedingungen\/\",\"name\":\"Allgemeine Mietbedingungen - AutoTours Car Rental Crete\",\"isPartOf\":{\"@id\":\"https:\/\/www.autotours.eu\/de\/#website\"},\"datePublished\":\"2020-11-30T16:22:15+00:00\",\"dateModified\":\"2021-04-06T08:52:39+00:00\",\"breadcrumb\":{\"@id\":\"https:\/\/www.autotours.eu\/de\/allgemeine-mietbedingungen\/#breadcrumb\"},\"inLanguage\":\"de\",\"potentialAction\":[{\"@type\":\"ReadAction\",\"target\":[\"https:\/\/www.autotours.eu\/de\/allgemeine-mietbedingungen\/\"]}]},{\"@type\":\"BreadcrumbList\",\"@id\":\"https:\/\/www.autotours.eu\/de\/allgemeine-mietbedingungen\/#breadcrumb\",\"itemListElement\":[{\"@type\":\"ListItem\",\"position\":1,\"name\":\"Home\",\"item\":\"https:\/\/www.autotours.eu\/de\/\"},{\"@type\":\"ListItem\",\"position\":2,\"name\":\"Allgemeine Mietbedingungen\"}]},{\"@type\":\"WebSite\",\"@id\":\"https:\/\/www.autotours.eu\/de\/#website\",\"url\":\"https:\/\/www.autotours.eu\/de\/\",\"name\":\"AutoTours Car Rental Crete\",\"description\":\"Car Rental Crete\",\"publisher\":{\"@id\":\"https:\/\/www.autotours.eu\/de\/#organization\"},\"potentialAction\":[{\"@type\":\"SearchAction\",\"target\":{\"@type\":\"EntryPoint\",\"urlTemplate\":\"https:\/\/www.autotours.eu\/de\/?s={search_term_string}\"},\"query-input\":{\"@type\":\"PropertyValueSpecification\",\"valueRequired\":true,\"valueName\":\"search_term_string\"}}],\"inLanguage\":\"de\"},{\"@type\":\"Organization\",\"@id\":\"https:\/\/www.autotours.eu\/de\/#organization\",\"name\":\"Autotours Car Rental\",\"url\":\"https:\/\/www.autotours.eu\/de\/\",\"logo\":{\"@type\":\"ImageObject\",\"inLanguage\":\"de\",\"@id\":\"https:\/\/www.autotours.eu\/de\/#\/schema\/logo\/image\/\",\"url\":\"https:\/\/www.autotours.eu\/wp-content\/uploads\/2020\/01\/logo-auto-tours-e1579871251514.png\",\"contentUrl\":\"https:\/\/www.autotours.eu\/wp-content\/uploads\/2020\/01\/logo-auto-tours-e1579871251514.png\",\"width\":200,\"height\":67,\"caption\":\"Autotours Car Rental\"},\"image\":{\"@id\":\"https:\/\/www.autotours.eu\/de\/#\/schema\/logo\/image\/\"}}]}<\/script>\n<!-- \/ Yoast SEO plugin. -->","yoast_head_json":{"title":"Allgemeine Mietbedingungen - AutoTours Car Rental Crete","robots":{"index":"index","follow":"follow","max-snippet":"max-snippet:-1","max-image-preview":"max-image-preview:large","max-video-preview":"max-video-preview:-1"},"canonical":"https:\/\/www.autotours.eu\/de\/allgemeine-mietbedingungen\/","og_locale":"de_DE","og_type":"article","og_title":"Allgemeine Mietbedingungen - AutoTours Car Rental Crete","og_url":"https:\/\/www.autotours.eu\/de\/allgemeine-mietbedingungen\/","og_site_name":"AutoTours Car Rental Crete","article_modified_time":"2021-04-06T08:52:39+00:00","twitter_card":"summary_large_image","twitter_misc":{"Gesch\u00e4tzte Lesezeit":"7\u00a0Minuten"},"schema":{"@context":"https:\/\/schema.org","@graph":[{"@type":"WebPage","@id":"https:\/\/www.autotours.eu\/de\/allgemeine-mietbedingungen\/","url":"https:\/\/www.autotours.eu\/de\/allgemeine-mietbedingungen\/","name":"Allgemeine Mietbedingungen - AutoTours Car Rental Crete","isPartOf":{"@id":"https:\/\/www.autotours.eu\/de\/#website"},"datePublished":"2020-11-30T16:22:15+00:00","dateModified":"2021-04-06T08:52:39+00:00","breadcrumb":{"@id":"https:\/\/www.autotours.eu\/de\/allgemeine-mietbedingungen\/#breadcrumb"},"inLanguage":"de","potentialAction":[{"@type":"ReadAction","target":["https:\/\/www.autotours.eu\/de\/allgemeine-mietbedingungen\/"]}]},{"@type":"BreadcrumbList","@id":"https:\/\/www.autotours.eu\/de\/allgemeine-mietbedingungen\/#breadcrumb","itemListElement":[{"@type":"ListItem","position":1,"name":"Home","item":"https:\/\/www.autotours.eu\/de\/"},{"@type":"ListItem","position":2,"name":"Allgemeine Mietbedingungen"}]},{"@type":"WebSite","@id":"https:\/\/www.autotours.eu\/de\/#website","url":"https:\/\/www.autotours.eu\/de\/","name":"AutoTours Car Rental Crete","description":"Car Rental Crete","publisher":{"@id":"https:\/\/www.autotours.eu\/de\/#organization"},"potentialAction":[{"@type":"SearchAction","target":{"@type":"EntryPoint","urlTemplate":"https:\/\/www.autotours.eu\/de\/?s={search_term_string}"},"query-input":{"@type":"PropertyValueSpecification","valueRequired":true,"valueName":"search_term_string"}}],"inLanguage":"de"},{"@type":"Organization","@id":"https:\/\/www.autotours.eu\/de\/#organization","name":"Autotours Car Rental","url":"https:\/\/www.autotours.eu\/de\/","logo":{"@type":"ImageObject","inLanguage":"de","@id":"https:\/\/www.autotours.eu\/de\/#\/schema\/logo\/image\/","url":"https:\/\/www.autotours.eu\/wp-content\/uploads\/2020\/01\/logo-auto-tours-e1579871251514.png","contentUrl":"https:\/\/www.autotours.eu\/wp-content\/uploads\/2020\/01\/logo-auto-tours-e1579871251514.png","width":200,"height":67,"caption":"Autotours Car Rental"},"image":{"@id":"https:\/\/www.autotours.eu\/de\/#\/schema\/logo\/image\/"}}]}},"_links":{"self":[{"href":"https:\/\/www.autotours.eu\/de\/wp-json\/wp\/v2\/pages\/12400","targetHints":{"allow":["GET"]}}],"collection":[{"href":"https:\/\/www.autotours.eu\/de\/wp-json\/wp\/v2\/pages"}],"about":[{"href":"https:\/\/www.autotours.eu\/de\/wp-json\/wp\/v2\/types\/page"}],"author":[{"embeddable":true,"href":"https:\/\/www.autotours.eu\/de\/wp-json\/wp\/v2\/users\/1"}],"replies":[{"embeddable":true,"href":"https:\/\/www.autotours.eu\/de\/wp-json\/wp\/v2\/comments?post=12400"}],"version-history":[{"count":3,"href":"https:\/\/www.autotours.eu\/de\/wp-json\/wp\/v2\/pages\/12400\/revisions"}],"predecessor-version":[{"id":12477,"href":"https:\/\/www.autotours.eu\/de\/wp-json\/wp\/v2\/pages\/12400\/revisions\/12477"}],"wp:attachment":[{"href":"https:\/\/www.autotours.eu\/de\/wp-json\/wp\/v2\/media?parent=12400"}],"curies":[{"name":"wp","href":"https:\/\/api.w.org\/{rel}","templated":true}]}}