{"id":12375,"date":"2020-11-30T17:33:30","date_gmt":"2020-11-30T15:33:30","guid":{"rendered":"https:\/\/www.autotours.eu\/?page_id=12375"},"modified":"2020-11-30T17:33:30","modified_gmt":"2020-11-30T15:33:30","slug":"termeni-si-conditii","status":"publish","type":"page","link":"https:\/\/www.autotours.eu\/ro\/termeni-si-conditii\/","title":{"rendered":"Termeni si Conditii"},"content":{"rendered":"<div class=\"fusion-fullwidth fullwidth-box fusion-builder-row-1 nonhundred-percent-fullwidth non-hundred-percent-height-scrolling\" style=\"--awb-border-radius-top-left:0px;--awb-border-radius-top-right:0px;--awb-border-radius-bottom-right:0px;--awb-border-radius-bottom-left:0px;--awb-flex-wrap:wrap;\" ><div class=\"fusion-builder-row fusion-row\"><div class=\"fusion-layout-column fusion_builder_column fusion-builder-column-0 fusion_builder_column_1_1 1_1 fusion-one-full fusion-column-first fusion-column-last\" style=\"--awb-bg-size:cover;\"><div class=\"fusion-column-wrapper fusion-column-has-shadow fusion-flex-column-wrapper-legacy\"><div class=\"fusion-text fusion-text-1\"><p>Toate contractele de leasing includ un pachet de asigurare de scutire. Locatarul nu este responsabil pentru daunele cauzate ma\u0219inii, at\u00e2ta timp c\u00e2t respect\u0103 termenii \u0219i condi\u021biile \u00eenchirierii.<br \/>\nC\u00e2nd \u00eenchiria\u021bi o ma\u0219in\u0103 de la AUTO TOURS, pre\u021bul pe care \u00eel pl\u0103ti\u021bi include:<\/p>\n<p>Scutire de daune prin coliziune (CDW)<\/p>\n<p>Chiria\u0219ul este acoperit \u00een caz de deteriorare (de ex. Zg\u00e2rieturi, denivel\u0103ri) pe caroseria vehiculului \u00eenchiriat, pe u\u0219i, pe capot\u0103, pe laterale \u0219i pe carcasele oglinzilor, pe geamuri. Inclus f\u0103r\u0103 scutire. CDW nu se aplic\u0103 atunci c\u00e2nd chiria\u0219ul \u00eencalc\u0103 termenii \u0219i condi\u021biile contractului de \u00eenchiriere.<\/p>\n<p>Securitate ter\u021b\u0103 parte (TREI)<br \/>\nAceast\u0103 politic\u0103 acoper\u0103 \u0219oferul chiria\u0219 \u00een caz de accident cu numai vina \u0219oferului. Acoper\u0103 daune materiale unor ter\u021bi p\u00e2n\u0103 la 1.000.000 EUR \u0219i v\u0103t\u0103m\u0103ri corporale unor ter\u021bi p\u00e2n\u0103 la 1.000.000 EUR, conform prevederilor poli\u021bei de asigurare a companiei \u0219i definite de legea elen\u0103.<\/p>\n<p>\u039a Protec\u021bie \u00eempotriva furtului (TP)<br \/>\nChiria\u0219ul nu va fi taxat \u00een cazul \u00een care vehiculul \u00eenchiriat este furat. Aceast\u0103 politic\u0103 nu se aplic\u0103 obiectelor personale din ma\u0219in\u0103.<\/p>\n<p>\u25cf Protec\u021bie \u00eempotriva incendiilor (FP)<br \/>\nLocatarul nu va fi taxat \u00een cazul unor daune cauzate de incendiu. Nu se aplic\u0103 atunci c\u00e2nd chiria\u0219ul \u00eencalc\u0103 termenii \u0219i condi\u021biile contractului de \u00eenchiriere.<\/p>\n<p>\u25cf EXCEP\u021aII. nu se aplic\u0103 acoperire de asigurare:<br \/>\n\u27a2 La transportul vehiculului pe nav\u0103<\/p>\n<p>\u27a2 Dac\u0103 \u0219oferul se afl\u0103 sub influen\u021ba alcoolului sau a drogurilor<br \/>\n\u27a2 Pentru daune cauzate de conducerea pe drumuri neasfaltate (Preveli &amp; Balos)<br \/>\n\u27a2 \u00cen cazul \u00eenc\u0103lc\u0103rii Codului de procedur\u0103 penal\u0103 (trecerea ilegal\u0103 a semaforelor, \u00eenc\u0103lcarea STOP etc.)<br \/>\n\u27a2 Pentru deteriorarea p\u0103r\u021bii inferioare a ma\u0219inii<br \/>\n&#8211;C\u00e2nd transporta\u021bi persoane sau alte articole spre \u00eenchiriere<\/p>\n<p>&#8211;La tractarea altor vehicule sau remorci<br \/>\n\u27a2 C\u00e2nd vehiculul particip\u0103 la curse de vitez\u0103<br \/>\n\u27a2 Pentru pierderea obiectelor personale \u00een interiorul vehiculului<br \/>\n\u27a2 Pentru accidentele cauzate de un \u0219ofer nedeclarat \u00een contractul de \u00eenchiriere<br \/>\n\u27a2 Pentru pierderea sau distrugerea cheii vehiculului<br \/>\n\u27a2 Pentru pierderea sau distrugerea dispozitivelor GPS, scaune pentru copii<\/p>\n<p>\u25cf Utilizarea ma\u0219inii<br \/>\nChiriasul este obligat s\u0103 respecte termenii \u0219i condi\u021biile contractului de \u00eenchiriere. Chiriasul trebuie s\u0103 verifice cu aten\u021bie ma\u0219ina, pentru starea mecanic\u0103, ulei, ap\u0103, anvelope. \u00cen cazul oric\u0103rei indica\u021bii care afecteaz\u0103 utilizarea vehiculului, v\u0103 rug\u0103m s\u0103 informa\u021bi imediat biroul nostru.<\/p>\n<p>\u25cf Limita minim\u0103 de v\u00e2rst\u0103<\/p>\n<p>Chiriasul \u0219i \u0219oferul trebuie s\u0103 aib\u0103 cel pu\u021bin 21 de ani pentru echipa Economy-A \u0219i 23 de ani pentru toate celelalte echipe. V\u00e2rsta maxim\u0103 este de 70 de ani.<\/p>\n<p>\u25cf Permis de conducere<br \/>\nSoferul trebuie s\u0103 de\u021bin\u0103 un permis de conducere valabil timp de cel pu\u021bin 12 luni.<\/p>\n<p>\u25cf Documente suplimentare necesare<br \/>\nPentru to\u021bi chiria\u0219ii, este necesar un act de identitate sau pa\u0219aport.<\/p>\n<p>\u25cf Politica benzinei<\/p>\n<p>AUTO SERVICIU: Chiriasul trebuie s\u0103 returneze vehiculul cu acela\u0219i nivel de benzin\u0103 care i-a fost livrat.<br \/>\nVehiculele livrate \u00een timpul nop\u021bii (23: 00-08: 00 \u00een afara orelor), au cel pu\u021bin \u00bc din rezervorul de combustibil plin. Acest lucru va fi suficient pentru a v\u0103 duce la cea mai apropiat\u0103 benzin\u0103rie.<\/p>\n<p>\u25cf Taxe suplimentare<br \/>\n\u27a2 Odat\u0103 cu pierderea cheii sau a telecomenzii, chiria\u0219ul va trebui s\u0103 pl\u0103teasc\u0103 pentru \u00eenlocuire. Pre\u021bul depinde de firma dealerului \u0219i de modelul ma\u0219inii.<\/p>\n<p>\u27a2Al doilea \u0219ofer, trebuie s\u0103 indica\u021bi reprezentantului nostru numele celui de-al doilea \u0219ofer pentru a fi inclus \u00een contractul de \u00eenchiriere auto. Taxa este de 3 \u20ac pe zi.<br \/>\n\u27a2 Scaune pentru copii, \u00een cazul \u00een care dori\u021bi, compania noastr\u0103 v\u0103 poate oferi un scaun pentru copii potrivit pentru fiecare copil \u00een func\u021bie de greutatea acestuia. Pre\u021bul este de 1 \u20ac pe zi.<br \/>\n\u27a2 Durata \u00eenchirierii, perioada minim\u0103 de \u00eenchiriere este de 3 zile. Dac\u0103 ave\u021bi nevoie de o perioad\u0103 mai mic\u0103 dec\u00e2t aceasta, contacta\u021bi-ne pentru mai multe detalii.<\/p>\n<p>\u27a2 Op\u021biuni de plat\u0103, nu este necesar un card de credit pentru procesul de \u00eenchiriere, cu toate acestea, dac\u0103 alege\u021bi s\u0103 pl\u0103ti\u021bi cu cardul de credit, putem accepta toate tipurile, cu excep\u021bia AMERICAN EXPRESS. Cardurile de debit nu sunt acceptate.<br \/>\n\u27a2 Distribu\u021bia vehiculului, vehiculele sunt distribuite \u00een func\u021bie de categoria vehiculului \u0219i nu de model. Dac\u0103 modelul pe care la\u021bi ales nu este disponibil, ne angaj\u0103m s\u0103 livr\u0103m f\u0103r\u0103 tax\u0103 un model alternativ din aceea\u0219i categorie cu acelea\u0219i specifica\u021bii sau mai mare.<br \/>\n\u27a2Preluarea \/ livrarea, pentru orice loca\u021bie diferit\u0103 care nu este inclus\u0103 ca op\u021biune pe site-ul nostru web, poate exista o tax\u0103 suplimentar\u0103. V\u0103 rug\u0103m s\u0103 ne contacta\u021bi pentru mai multe informa\u021bii.<\/p>\n<p>\u27a2 Procedura de primire \u0219i livrare a vehiculului, procedura de primire sunt incluse \u00een e-mailul de confirmare, care v\u0103 este trimis dup\u0103 rezervarea ma\u0219inii. Cu toate acestea, dac\u0103 ave\u021bi \u00eentreb\u0103ri, v\u0103 rug\u0103m s\u0103 ne contacta\u021bi la: 0030-6976787451. \u00cen ceea ce prive\u0219te procesul de returnare, toate instruc\u021biunile vor fi date chiria\u0219ului la sosire.<br \/>\n\u27a2 Livrare \u00een afara orelor de program 23: 00-08: 00 vor fi mai multe taxa 20 \u20ac.<\/p>\n<p>\u27a2 \u00centoarcerea returului, va trebui s\u0103 returna\u021bi chiria<\/p>\n<p>\u27a2 \u03a0\u03b1\u03c1\u03b1\u03b2\u03b9\u03ac\u03c3\u03b5\u03b9\u03c2 \u039a.\u039f.\u039a\/ \u03c0\u03c1\u03cc\u03c3\u03c4\u03b9\u03bc\u03b1, \u03b3\u03b9\u03b1 \u03cc\u03bb\u03b1 \u03c4\u03b1 \u03c0\u03c1\u03cc\u03c3\u03c4\u03b9\u03bc\u03b1 \u03c0\u03bf\u03c5 \u03b1\u03c0\u03bf\u03c1\u03c1\u03ad\u03bf\u03c5\u03bd \u03b1\u03c0\u03cc \u03bf\u03c0\u03bf\u03b9\u03b1\u03b4\u03ae\u03c0\u03bf\u03c4\u03b5 \u03c0\u03b1\u03c1\u03b1\u03b2\u03af\u03b1\u03c3\u03b7 \u03c4\u03bf\u03c5 \u0395\u03bb\u03bb\u03b7\u03bd\u03b9\u03ba\u03bf\u03cd \u039a\u03ce\u03b4\u03b9\u03ba\u03b1 \u039f\u03b4\u03b9\u03ba\u03ae\u03c2 \u039a\u03c5\u03ba\u03bb\u03bf\u03c6\u03bf\u03c1\u03af\u03b1\u03c2 \u03ba\u03b1\u03c4\u03ac \u03c4\u03b7 \u03b4\u03b9\u03ac\u03c1\u03ba\u03b5\u03b9\u03b1 \u03c4\u03b7\u03c2 \u03c0\u03b5\u03c1\u03b9\u03cc\u03b4\u03bf\u03c5 \u03b5\u03bd\u03bf\u03b9\u03ba\u03af\u03b1\u03c3\u03b7\u03c2, \u03bf \u03b5\u03bd\u03bf\u03b9\u03ba\u03b9\u03b1\u03c3\u03c4\u03ae\u03c2 \u03b5\u03af\u03bd\u03b1\u03b9 \u03c0\u03bb\u03ae\u03c1\u03c9\u03c2 \u03c5\u03c0\u03b5\u03cd\u03b8\u03c5\u03bd\u03bf\u03c2.<\/p>\n<p>\u27a2 \u03a0\u03b5\u03c1\u03af\u03c0\u03c4\u03c9\u03c3\u03b7 \u03b1\u03c4\u03c5\u03c7\u03ae\u03bc\u03b1\u03c4\u03bf\u03c2, \u03b1\u03bd \u03c3\u03c5\u03bc\u03b2\u03b5\u03af \u03ad\u03bd\u03b1 \u03b1\u03c4\u03cd\u03c7\u03b7\u03bc\u03b1 \u03b8\u03b1 \u03c0\u03c1\u03ad\u03c0\u03b5\u03b9 \u03bd\u03b1 \u03b5\u03bd\u03b7\u03bc\u03b5\u03c1\u03ce\u03bd\u03bf\u03bd\u03c4\u03b1\u03b9 \u03bf\u03b9 \u03b1\u03c1\u03c7\u03ad\u03c2 \u03ba\u03b1\u03b9 \u03bd\u03b1 \u03c5\u03c0\u03bf\u03b2\u03ac\u03bb\u03bb\u03b5\u03c4\u03b1\u03b9 \u03bc\u03b9\u03b1 \u03ad\u03ba\u03b8\u03b5\u03c3\u03b7 \u03c4\u03b7\u03c2 \u03b1\u03c3\u03c4\u03c5\u03bd\u03bf\u03bc\u03af\u03b1\u03c2. \u03a0\u03c1\u03ad\u03c0\u03b5\u03b9 \u03b5\u03c0\u03af\u03c3\u03b7\u03c2 \u03bd\u03b1 \u03b5\u03b9\u03b4\u03bf\u03c0\u03bf\u03b9\u03b7\u03b8\u03b5\u03af \u03b1\u03bc\u03ad\u03c3\u03c9\u03c2 \u03b7 \u03b5\u03c4\u03b1\u03b9\u03c1\u03b5\u03af\u03b1 \u03b5\u03bd\u03bf\u03b9\u03ba\u03af\u03b1\u03c3\u03b7\u03c2. \u03a0\u03b1\u03c1\u03b1\u03ba\u03b1\u03bb\u03b5\u03af\u03c3\u03c4\u03b5 \u03bd\u03b1 \u03c3\u03b7\u03bc\u03b5\u03b9\u03ce\u03c3\u03b5\u03c4\u03b5 \u03cc\u03c4\u03b9 \u03b3\u03b9\u03b1 \u03b1\u03bc\u03b5\u03bb\u03ae \u03bf\u03b4\u03ae\u03b3\u03b7\u03c3\u03b7 \u03ae \u03b3\u03b9\u03b1 \u03c4\u03b7\u03bd \u03bf\u03b4\u03ae\u03b3\u03b7\u03c3\u03b7 \u03c5\u03c0\u03cc \u03c4\u03b7\u03bd \u03b5\u03c0\u03ae\u03c1\u03b5\u03b9\u03b1 \u03b1\u03bb\u03ba\u03bf\u03cc\u03bb \u03bc\u03b5 \u03c0\u03b1\u03c1\u03ac\u03bd\u03bf\u03bc\u03b5\u03c2 \u03bf\u03c5\u03c3\u03af\u03b5\u03c2, \u03ae \u03b3\u03b9\u03b1 \u03bf\u03b4\u03ae\u03b3\u03b7\u03c3\u03b7 \u03b1\u03c0\u03b1\u03b3\u03bf\u03c1\u03b5\u03c5\u03bc\u03ad\u03bd\u03b5\u03c2 \u03c0\u03b5\u03c1\u03b9\u03bf\u03c7\u03ad\u03c2 (\u03b5\u03ba\u03c4\u03cc\u03c2 \u03c4\u03c1\u03bf\u03c7\u03b9\u03ac\u03c2 \u03b4\u03c1\u03cc\u03bc\u03bf\u03c5\u03c2 \u03ba\u03b1\u03b9 \u03bc\u03b7 \u03b1\u03c3\u03c6\u03b1\u03bb\u03c4\u03b9\u03ba\u03bf\u03cd\u03c2 \u03b4\u03c1\u03cc\u03bc\u03bf\u03c5\u03c2), \u03ae \u03b3\u03b9\u03b1 \u03bf\u03c0\u03bf\u03b9\u03b5\u03c3\u03b4\u03ae\u03c0\u03bf\u03c4\u03b5 \u03c0\u03c1\u03bf\u03c6\u03b1\u03bd\u03ce\u03c2 \u03b1\u03bc\u03b5\u03bb\u03b5\u03af\u03c2 \u03b4\u03c1\u03ac\u03c3\u03b5\u03b9\u03c2 \u03c0\u03c1\u03bf\u03c2 \u03c4\u03bf \u03b1\u03c5\u03c4\u03bf\u03ba\u03af\u03bd\u03b7\u03c4\u03bf, \u03bf \u03b5\u03bd\u03bf\u03b9\u03ba\u03b9\u03b1\u03c3\u03c4\u03ae\u03c2 \u03b5\u03af\u03bd\u03b1\u03b9 \u03c0\u03bb\u03ae\u03c1\u03c9\u03c2 \u03c5\u03c0\u03cc\u03bb\u03bf\u03b3\u03bf\u03c2.<\/p>\n<p>\u27a2 \u0395\u03bd\u03bf\u03b9\u03ba\u03af\u03b1\u03c3\u03b7 \u03b5\u03ba\u03c4\u03cc\u03c2 \u039a\u03c1\u03ae\u03c4\u03b7\u03c2, \u0391\u03a0\u0391\u0393\u039f\u03a1\u0395\u03a5\u0395\u03a4\u0391\u0399. \u03a3\u03b5 \u03c4\u03ad\u03c4\u03bf\u03b9\u03b1 \u03c0\u03b5\u03c1\u03af\u03c0\u03c4\u03c9\u03c3\u03b7 \u03bf \u03b5\u03bd\u03bf\u03b9\u03ba\u03b9\u03b1\u03c3\u03c4\u03ae\u03c2 \u03b5\u03af\u03bd\u03b1\u03b9 \u03c0\u03bb\u03ae\u03c1\u03c9\u03c2 \u03c5\u03c0\u03b5\u03cd\u03b8\u03c5\u03bd\u03bf\u03c2 \u03b3\u03b9\u03b1 \u03cc\u03bb\u03b5\u03c2 \u03c4\u03b9\u03c2 \u03c7\u03c1\u03b5\u03ce\u03c3\u03b5\u03b9\u03c2 \u03ba\u03b1\u03b9 \u03c4\u03b9\u03c2 \u03b6\u03b7\u03bc\u03af\u03b5\u03c2.<\/p>\n<p>\u27a2 \u0391\u03ba\u03c5\u03c1\u03ce\u03c3\u03b5\u03b9\u03c2 \u03ba\u03c1\u03b1\u03c4\u03ae\u03c3\u03b5\u03c9\u03bd, \u03b4\u03b5\u03bd \u03c5\u03c0\u03ac\u03c1\u03c7\u03b5\u03b9 \u03c7\u03c1\u03ad\u03c9\u03c3\u03b7 \u03b1\u03ba\u03cd\u03c1\u03c9\u03c3\u03b7\u03c2 \u03ad\u03c9\u03c2 7 \u03b7\u03bc\u03ad\u03c1\u03b5\u03c2 \u03c0\u03c1\u03b9\u03bd \u03c4\u03b7\u03bd \u03b5\u03bd\u03bf\u03b9\u03ba\u03af\u03b1\u03c3\u03b7.<\/p>\n<\/div><div class=\"fusion-clearfix\"><\/div><\/div><\/div><\/div><\/div>\n","protected":false},"excerpt":{"rendered":"","protected":false},"author":1,"featured_media":0,"parent":0,"menu_order":0,"comment_status":"closed","ping_status":"closed","template":"","meta":{"_monsterinsights_skip_tracking":false,"_monsterinsights_sitenote_active":false,"_monsterinsights_sitenote_note":"","_monsterinsights_sitenote_category":0,"footnotes":""},"class_list":["post-12375","page","type-page","status-publish","hentry"],"yoast_head":"<!-- This site is optimized with the Yoast SEO plugin v24.4 - https:\/\/yoast.com\/wordpress\/plugins\/seo\/ -->\n<title>Termeni si Conditii - AutoTours Car Rental Crete<\/title>\n<meta name=\"robots\" content=\"index, follow, max-snippet:-1, max-image-preview:large, max-video-preview:-1\" \/>\n<link rel=\"canonical\" href=\"https:\/\/www.autotours.eu\/ro\/termeni-si-conditii\/\" \/>\n<meta property=\"og:locale\" content=\"ro_RO\" \/>\n<meta property=\"og:type\" content=\"article\" \/>\n<meta property=\"og:title\" content=\"Termeni si Conditii - AutoTours Car Rental Crete\" \/>\n<meta property=\"og:url\" content=\"https:\/\/www.autotours.eu\/ro\/termeni-si-conditii\/\" \/>\n<meta property=\"og:site_name\" content=\"AutoTours Car Rental Crete\" \/>\n<meta name=\"twitter:card\" content=\"summary_large_image\" \/>\n<meta name=\"twitter:label1\" content=\"Timp estimat pentru citire\" \/>\n\t<meta name=\"twitter:data1\" content=\"6 minute\" \/>\n<script type=\"application\/ld+json\" class=\"yoast-schema-graph\">{\"@context\":\"https:\/\/schema.org\",\"@graph\":[{\"@type\":\"WebPage\",\"@id\":\"https:\/\/www.autotours.eu\/ro\/termeni-si-conditii\/\",\"url\":\"https:\/\/www.autotours.eu\/ro\/termeni-si-conditii\/\",\"name\":\"Termeni si Conditii - AutoTours Car Rental Crete\",\"isPartOf\":{\"@id\":\"https:\/\/www.autotours.eu\/ro\/#website\"},\"datePublished\":\"2020-11-30T15:33:30+00:00\",\"breadcrumb\":{\"@id\":\"https:\/\/www.autotours.eu\/ro\/termeni-si-conditii\/#breadcrumb\"},\"inLanguage\":\"ro-RO\",\"potentialAction\":[{\"@type\":\"ReadAction\",\"target\":[\"https:\/\/www.autotours.eu\/ro\/termeni-si-conditii\/\"]}]},{\"@type\":\"BreadcrumbList\",\"@id\":\"https:\/\/www.autotours.eu\/ro\/termeni-si-conditii\/#breadcrumb\",\"itemListElement\":[{\"@type\":\"ListItem\",\"position\":1,\"name\":\"Home\",\"item\":\"https:\/\/www.autotours.eu\/ro\/\"},{\"@type\":\"ListItem\",\"position\":2,\"name\":\"Termeni si Conditii\"}]},{\"@type\":\"WebSite\",\"@id\":\"https:\/\/www.autotours.eu\/ro\/#website\",\"url\":\"https:\/\/www.autotours.eu\/ro\/\",\"name\":\"AutoTours Car Rental Crete\",\"description\":\"Car Rental Crete\",\"publisher\":{\"@id\":\"https:\/\/www.autotours.eu\/ro\/#organization\"},\"potentialAction\":[{\"@type\":\"SearchAction\",\"target\":{\"@type\":\"EntryPoint\",\"urlTemplate\":\"https:\/\/www.autotours.eu\/ro\/?s={search_term_string}\"},\"query-input\":{\"@type\":\"PropertyValueSpecification\",\"valueRequired\":true,\"valueName\":\"search_term_string\"}}],\"inLanguage\":\"ro-RO\"},{\"@type\":\"Organization\",\"@id\":\"https:\/\/www.autotours.eu\/ro\/#organization\",\"name\":\"Autotours Car Rental\",\"url\":\"https:\/\/www.autotours.eu\/ro\/\",\"logo\":{\"@type\":\"ImageObject\",\"inLanguage\":\"ro-RO\",\"@id\":\"https:\/\/www.autotours.eu\/ro\/#\/schema\/logo\/image\/\",\"url\":\"https:\/\/www.autotours.eu\/wp-content\/uploads\/2020\/01\/logo-auto-tours-e1579871251514.png\",\"contentUrl\":\"https:\/\/www.autotours.eu\/wp-content\/uploads\/2020\/01\/logo-auto-tours-e1579871251514.png\",\"width\":200,\"height\":67,\"caption\":\"Autotours Car Rental\"},\"image\":{\"@id\":\"https:\/\/www.autotours.eu\/ro\/#\/schema\/logo\/image\/\"}}]}<\/script>\n<!-- \/ Yoast SEO plugin. -->","yoast_head_json":{"title":"Termeni si Conditii - AutoTours Car Rental Crete","robots":{"index":"index","follow":"follow","max-snippet":"max-snippet:-1","max-image-preview":"max-image-preview:large","max-video-preview":"max-video-preview:-1"},"canonical":"https:\/\/www.autotours.eu\/ro\/termeni-si-conditii\/","og_locale":"ro_RO","og_type":"article","og_title":"Termeni si Conditii - AutoTours Car Rental Crete","og_url":"https:\/\/www.autotours.eu\/ro\/termeni-si-conditii\/","og_site_name":"AutoTours Car Rental Crete","twitter_card":"summary_large_image","twitter_misc":{"Timp estimat pentru citire":"6 minute"},"schema":{"@context":"https:\/\/schema.org","@graph":[{"@type":"WebPage","@id":"https:\/\/www.autotours.eu\/ro\/termeni-si-conditii\/","url":"https:\/\/www.autotours.eu\/ro\/termeni-si-conditii\/","name":"Termeni si Conditii - AutoTours Car Rental Crete","isPartOf":{"@id":"https:\/\/www.autotours.eu\/ro\/#website"},"datePublished":"2020-11-30T15:33:30+00:00","breadcrumb":{"@id":"https:\/\/www.autotours.eu\/ro\/termeni-si-conditii\/#breadcrumb"},"inLanguage":"ro-RO","potentialAction":[{"@type":"ReadAction","target":["https:\/\/www.autotours.eu\/ro\/termeni-si-conditii\/"]}]},{"@type":"BreadcrumbList","@id":"https:\/\/www.autotours.eu\/ro\/termeni-si-conditii\/#breadcrumb","itemListElement":[{"@type":"ListItem","position":1,"name":"Home","item":"https:\/\/www.autotours.eu\/ro\/"},{"@type":"ListItem","position":2,"name":"Termeni si Conditii"}]},{"@type":"WebSite","@id":"https:\/\/www.autotours.eu\/ro\/#website","url":"https:\/\/www.autotours.eu\/ro\/","name":"AutoTours Car Rental Crete","description":"Car Rental Crete","publisher":{"@id":"https:\/\/www.autotours.eu\/ro\/#organization"},"potentialAction":[{"@type":"SearchAction","target":{"@type":"EntryPoint","urlTemplate":"https:\/\/www.autotours.eu\/ro\/?s={search_term_string}"},"query-input":{"@type":"PropertyValueSpecification","valueRequired":true,"valueName":"search_term_string"}}],"inLanguage":"ro-RO"},{"@type":"Organization","@id":"https:\/\/www.autotours.eu\/ro\/#organization","name":"Autotours Car Rental","url":"https:\/\/www.autotours.eu\/ro\/","logo":{"@type":"ImageObject","inLanguage":"ro-RO","@id":"https:\/\/www.autotours.eu\/ro\/#\/schema\/logo\/image\/","url":"https:\/\/www.autotours.eu\/wp-content\/uploads\/2020\/01\/logo-auto-tours-e1579871251514.png","contentUrl":"https:\/\/www.autotours.eu\/wp-content\/uploads\/2020\/01\/logo-auto-tours-e1579871251514.png","width":200,"height":67,"caption":"Autotours Car Rental"},"image":{"@id":"https:\/\/www.autotours.eu\/ro\/#\/schema\/logo\/image\/"}}]}},"_links":{"self":[{"href":"https:\/\/www.autotours.eu\/ro\/wp-json\/wp\/v2\/pages\/12375","targetHints":{"allow":["GET"]}}],"collection":[{"href":"https:\/\/www.autotours.eu\/ro\/wp-json\/wp\/v2\/pages"}],"about":[{"href":"https:\/\/www.autotours.eu\/ro\/wp-json\/wp\/v2\/types\/page"}],"author":[{"embeddable":true,"href":"https:\/\/www.autotours.eu\/ro\/wp-json\/wp\/v2\/users\/1"}],"replies":[{"embeddable":true,"href":"https:\/\/www.autotours.eu\/ro\/wp-json\/wp\/v2\/comments?post=12375"}],"version-history":[{"count":2,"href":"https:\/\/www.autotours.eu\/ro\/wp-json\/wp\/v2\/pages\/12375\/revisions"}],"predecessor-version":[{"id":12377,"href":"https:\/\/www.autotours.eu\/ro\/wp-json\/wp\/v2\/pages\/12375\/revisions\/12377"}],"wp:attachment":[{"href":"https:\/\/www.autotours.eu\/ro\/wp-json\/wp\/v2\/media?parent=12375"}],"curies":[{"name":"wp","href":"https:\/\/api.w.org\/{rel}","templated":true}]}}